{"id":409,"date":"2022-03-08T11:57:17","date_gmt":"2022-03-08T11:57:17","guid":{"rendered":"https:\/\/pension-bodewig.de\/?page_id=409"},"modified":"2023-06-21T08:08:43","modified_gmt":"2023-06-21T06:08:43","slug":"doppelzimmer","status":"publish","type":"page","link":"https:\/\/pension-bodewig.de\/en\/doppelzimmer\/","title":{"rendered":"Double Room"},"content":{"rendered":"<div id=\"wp-block-themeisle-blocks-advanced-columns-aeb64fdb\" class=\"wp-block-themeisle-blocks-advanced-columns alignfull has-1-columns has-desktop-equal-layout has-tablet-equal-layout has-mobile-equal-layout has-vertical-center\"><div class=\"wp-block-themeisle-blocks-advanced-columns-overlay\"><\/div><div class=\"innerblocks-wrap\">\n<div id=\"wp-block-themeisle-blocks-advanced-column-75e09608\" class=\"wp-block-themeisle-blocks-advanced-column\">\n<span id=\"wp-block-themeisle-blocks-advanced-heading-b9e3d4bf\" class=\"wp-block-themeisle-blocks-advanced-heading wp-block-themeisle-blocks-advanced-heading-b9e3d4bf\"><\/span>\n\n\n\n<h1 class=\"wp-block-heading has-text-align-center has-nv-text-dark-bg-color has-text-color\">Double Room<\/h1>\n<\/div>\n<\/div><\/div>\n\n\n\n<div id=\"wp-block-themeisle-blocks-advanced-columns-6e1954ae\" class=\"wp-block-themeisle-blocks-advanced-columns alignfull has-1-columns has-desktop-equal-layout has-tablet-equal-layout has-mobile-equal-layout has-vertical-flex-start\"><div class=\"wp-block-themeisle-blocks-advanced-columns-overlay\"><\/div><div class=\"innerblocks-wrap\">\n<div id=\"wp-block-themeisle-blocks-advanced-column-9cc2e7d5\" class=\"wp-block-themeisle-blocks-advanced-column\">\n<h2 class=\"wp-block-heading\">Our Double Room<\/h2>\n\n\n\n<p>No two rooms at Pension Bodewig are alike. Crafted  faithfully from the building's existing layout, each guestroom has unique configuration and distinct character.<\/p>\n\n\n\n<hr class=\"wp-block-separator has-text-color has-nv-c-2-color has-css-opacity has-nv-c-2-background-color has-background is-style-dots\"\/>\n\n\n\n<div style=\"height:20px\" aria-hidden=\"true\" class=\"wp-block-spacer\"><\/div>\n\n\n\n<div id=\"wp-block-themeisle-blocks-advanced-columns-6b10801f\" class=\"wp-block-themeisle-blocks-advanced-columns has-3-columns has-desktop-equal-layout has-tablet-equal-layout has-mobile-collapsedRows-layout has-vertical-unset has-default-gap\"><div class=\"wp-block-themeisle-blocks-advanced-columns-overlay\"><\/div><div class=\"innerblocks-wrap\">\n<div id=\"wp-block-themeisle-blocks-advanced-column-688109f9\" class=\"wp-block-themeisle-blocks-advanced-column\">\n<div id=\"wp-block-themeisle-blocks-icon-list-9b64da47\" class=\"wp-block-themeisle-blocks-icon-list\">\n<div id=\"wp-block-themeisle-blocks-icon-list-item-2d67f45e\" class=\"wp-block-themeisle-blocks-icon-list-item\"><i class=\"fas fa-user-friends wp-block-themeisle-blocks-icon-list-item-icon\"><\/i><p class=\"wp-block-themeisle-blocks-icon-list-item-content\">2 People<\/p><\/div>\n<\/div>\n\n\n\n<div id=\"wp-block-themeisle-blocks-icon-list-1eefaaa7\" class=\"wp-block-themeisle-blocks-icon-list\">\n<div id=\"wp-block-themeisle-blocks-icon-list-item-fb64d202\" class=\"wp-block-themeisle-blocks-icon-list-item\"><i class=\"fas fa-angle-right wp-block-themeisle-blocks-icon-list-item-icon\"><\/i><p class=\"wp-block-themeisle-blocks-icon-list-item-content\">List item 1<\/p><\/div>\n<\/div>\n<\/div>\n\n\n\n<div id=\"wp-block-themeisle-blocks-advanced-column-9330bc1a\" class=\"wp-block-themeisle-blocks-advanced-column\">\n<div id=\"wp-block-themeisle-blocks-icon-list-dac87a9a\" class=\"wp-block-themeisle-blocks-icon-list\">\n<div id=\"wp-block-themeisle-blocks-icon-list-item-986244da\" class=\"wp-block-themeisle-blocks-icon-list-item\"><i class=\"fas fa-bed wp-block-themeisle-blocks-icon-list-item-icon\"><\/i><p class=\"wp-block-themeisle-blocks-icon-list-item-content\">twin room<\/p><\/div>\n<\/div>\n<\/div>\n\n\n\n<div id=\"wp-block-themeisle-blocks-advanced-column-9e4ad83a\" class=\"wp-block-themeisle-blocks-advanced-column\">\n<div id=\"wp-block-themeisle-blocks-icon-list-b1d42f39\" class=\"wp-block-themeisle-blocks-icon-list\">\n<div id=\"wp-block-themeisle-blocks-icon-list-item-8393b55b\" class=\"wp-block-themeisle-blocks-icon-list-item\"><i class=\"far fa-credit-card wp-block-themeisle-blocks-icon-list-item-icon\"><\/i><p class=\"wp-block-themeisle-blocks-icon-list-item-content\">Preis: ab 85 \u20ac \/ Nacht*<\/p><\/div>\n<\/div>\n<\/div>\n<\/div><\/div>\n<\/div>\n<\/div><\/div>\n\n\n\n<p class=\"has-text-align-center\"><em>* All prices including free high speed wireless Internet and taxes. Peak season rates will apply for specific nights as trade fair, events and holidays. Please contact us for pricing.<\/em><\/p>\n\n\n\n<div id=\"wp-block-themeisle-blocks-advanced-columns-d4dac461\" class=\"wp-block-themeisle-blocks-advanced-columns alignfull has-2-columns has-desktop-equal-layout has-tablet-equal-layout has-mobile-collapsedRows-layout has-vertical-center\"><div class=\"wp-block-themeisle-blocks-advanced-columns-overlay\"><\/div><div class=\"innerblocks-wrap\">\n<div id=\"wp-block-themeisle-blocks-advanced-column-7b961874\" class=\"wp-block-themeisle-blocks-advanced-column\">\n<figure class=\"wp-block-image size-large\"><img loading=\"lazy\" decoding=\"async\" width=\"682\" height=\"1024\" src=\"https:\/\/pension-bodewig.de\/wp-content\/uploads\/2022\/03\/Doppel_1-682x1024.jpg\" alt=\"\" class=\"wp-image-411\" srcset=\"https:\/\/pension-bodewig.de\/wp-content\/uploads\/2022\/03\/Doppel_1-682x1024.jpg 682w, https:\/\/pension-bodewig.de\/wp-content\/uploads\/2022\/03\/Doppel_1-200x300.jpg 200w, https:\/\/pension-bodewig.de\/wp-content\/uploads\/2022\/03\/Doppel_1-768x1152.jpg 768w, https:\/\/pension-bodewig.de\/wp-content\/uploads\/2022\/03\/Doppel_1-1024x1536.jpg 1024w, https:\/\/pension-bodewig.de\/wp-content\/uploads\/2022\/03\/Doppel_1.jpg 1333w\" sizes=\"auto, (max-width: 682px) 100vw, 682px\" \/><\/figure>\n<\/div>\n\n\n\n<div id=\"wp-block-themeisle-blocks-advanced-column-ea92be49\" class=\"wp-block-themeisle-blocks-advanced-column\">\n<h2 id=\"wp-block-themeisle-blocks-advanced-heading-b0eb7cd0\" class=\"wp-block-themeisle-blocks-advanced-heading wp-block-themeisle-blocks-advanced-heading-b0eb7cd0\">For your comfort<\/h2>\n\n\n\n<ul class=\"wp-block-list\">\n<li><strong>\u2022<\/strong> Adjustable bed, remote control<\/li>\n\n\n\n<li><strong>\u2022<\/strong> Spacious room with sitting area<\/li>\n\n\n\n<li><strong>\u2022<\/strong> Work desk<\/li>\n\n\n\n<li><strong>\u2022<\/strong> Private bathroom with tub\/shower<\/li>\n\n\n\n<li><strong>\u2022<\/strong> Heating\/Air cooler<\/li>\n<\/ul>\n<\/div>\n<\/div><\/div>\n\n\n\n<div id=\"wp-block-themeisle-blocks-advanced-columns-ce92be10\" class=\"wp-block-themeisle-blocks-advanced-columns alignfull has-2-columns has-desktop-equal-layout has-tablet-equal-layout has-mobile-collapsedRows-layout has-reverse-columns-mobile has-vertical-center\"><div class=\"wp-block-themeisle-blocks-advanced-columns-overlay\"><\/div><div class=\"innerblocks-wrap\">\n<div id=\"wp-block-themeisle-blocks-advanced-column-233e5f3b\" class=\"wp-block-themeisle-blocks-advanced-column\">\n<h2 id=\"wp-block-themeisle-blocks-advanced-heading-60206e73\" class=\"wp-block-themeisle-blocks-advanced-heading wp-block-themeisle-blocks-advanced-heading-60206e73\">For your confidence<\/h2>\n\n\n\n<ul class=\"wp-block-list\">\n<li><strong>\u2022<\/strong> Safe Box<\/li>\n\n\n\n<li><strong>\u2022<\/strong> Smoke detector<\/li>\n\n\n\n<li><strong>\u2022<\/strong> First aid kit<\/li>\n<\/ul>\n<\/div>\n\n\n\n<div id=\"wp-block-themeisle-blocks-advanced-column-cad4fb6b\" class=\"wp-block-themeisle-blocks-advanced-column\">\n<figure class=\"wp-block-image size-large\"><img loading=\"lazy\" decoding=\"async\" width=\"682\" height=\"1024\" src=\"https:\/\/pension-bodewig.de\/wp-content\/uploads\/2022\/03\/Doppel_4-682x1024.jpg\" alt=\"\" class=\"wp-image-412\" srcset=\"https:\/\/pension-bodewig.de\/wp-content\/uploads\/2022\/03\/Doppel_4-682x1024.jpg 682w, https:\/\/pension-bodewig.de\/wp-content\/uploads\/2022\/03\/Doppel_4-200x300.jpg 200w, https:\/\/pension-bodewig.de\/wp-content\/uploads\/2022\/03\/Doppel_4-768x1152.jpg 768w, https:\/\/pension-bodewig.de\/wp-content\/uploads\/2022\/03\/Doppel_4-1024x1536.jpg 1024w, https:\/\/pension-bodewig.de\/wp-content\/uploads\/2022\/03\/Doppel_4.jpg 1333w\" sizes=\"auto, (max-width: 682px) 100vw, 682px\" \/><\/figure>\n<\/div>\n<\/div><\/div>\n\n\n\n<div class=\"wp-block-columns is-layout-flex wp-container-core-columns-is-layout-9d6595d7 wp-block-columns-is-layout-flex\">\n<div class=\"wp-block-column is-layout-flow wp-block-column-is-layout-flow\">\n<figure class=\"wp-block-image size-large\"><img loading=\"lazy\" decoding=\"async\" width=\"682\" height=\"1024\" src=\"https:\/\/pension-bodewig.de\/wp-content\/uploads\/2022\/03\/Doppel_5-682x1024.jpg\" alt=\"\" class=\"wp-image-413\" srcset=\"https:\/\/pension-bodewig.de\/wp-content\/uploads\/2022\/03\/Doppel_5-682x1024.jpg 682w, https:\/\/pension-bodewig.de\/wp-content\/uploads\/2022\/03\/Doppel_5-200x300.jpg 200w, https:\/\/pension-bodewig.de\/wp-content\/uploads\/2022\/03\/Doppel_5-768x1152.jpg 768w, https:\/\/pension-bodewig.de\/wp-content\/uploads\/2022\/03\/Doppel_5-1024x1536.jpg 1024w, https:\/\/pension-bodewig.de\/wp-content\/uploads\/2022\/03\/Doppel_5.jpg 1333w\" sizes=\"auto, (max-width: 682px) 100vw, 682px\" \/><\/figure>\n<\/div>\n\n\n\n<div class=\"wp-block-column is-layout-flow wp-block-column-is-layout-flow\">\n<h2 class=\"wp-block-heading\">For your convenience<\/h2>\n\n\n\n<ul class=\"wp-block-list\">\n<li><strong>\u2022<\/strong> Complimentary in-room high speed Wifi<\/li>\n\n\n\n<li><strong>\u2022<\/strong> Iron\/Iron board<\/li>\n\n\n\n<li><strong>\u2022<\/strong> Hair dryer<\/li>\n\n\n\n<li><strong>\u2022<\/strong> Refrigerator<\/li>\n\n\n\n<li><strong>\u2022<\/strong> Coffee\/Tea machine<\/li>\n\n\n\n<li><strong>\u2022<\/strong> Business center<\/li>\n<\/ul>\n<\/div>\n<\/div>\n\n\n\n<div id=\"wp-block-themeisle-blocks-advanced-columns-930365f7\" class=\"wp-block-themeisle-blocks-advanced-columns alignfull has-4-columns has-desktop-equal-layout has-tablet-equal-layout has-mobile-collapsedRows-layout has-vertical-unset has-dark-bg\"><div class=\"wp-block-themeisle-blocks-advanced-columns-overlay\"><\/div><div class=\"innerblocks-wrap\">\n<div id=\"wp-block-themeisle-blocks-advanced-column-5cda6e10\" class=\"wp-block-themeisle-blocks-advanced-column\">\n<figure class=\"wp-block-image size-large\"><img loading=\"lazy\" decoding=\"async\" width=\"682\" height=\"1024\" src=\"https:\/\/pension-bodewig.de\/wp-content\/uploads\/2022\/03\/Doppel_3-682x1024.jpg\" alt=\"\" class=\"wp-image-414\" srcset=\"https:\/\/pension-bodewig.de\/wp-content\/uploads\/2022\/03\/Doppel_3-682x1024.jpg 682w, https:\/\/pension-bodewig.de\/wp-content\/uploads\/2022\/03\/Doppel_3-200x300.jpg 200w, https:\/\/pension-bodewig.de\/wp-content\/uploads\/2022\/03\/Doppel_3-768x1152.jpg 768w, https:\/\/pension-bodewig.de\/wp-content\/uploads\/2022\/03\/Doppel_3-1024x1536.jpg 1024w, https:\/\/pension-bodewig.de\/wp-content\/uploads\/2022\/03\/Doppel_3.jpg 1333w\" sizes=\"auto, (max-width: 682px) 100vw, 682px\" \/><\/figure>\n<\/div>\n\n\n\n<div id=\"wp-block-themeisle-blocks-advanced-column-2d34afa6\" class=\"wp-block-themeisle-blocks-advanced-column\">\n<figure class=\"wp-block-image size-large\"><img loading=\"lazy\" decoding=\"async\" width=\"682\" height=\"1024\" src=\"https:\/\/pension-bodewig.de\/wp-content\/uploads\/2022\/03\/Doppel_6-682x1024.jpg\" alt=\"\" class=\"wp-image-415\" srcset=\"https:\/\/pension-bodewig.de\/wp-content\/uploads\/2022\/03\/Doppel_6-682x1024.jpg 682w, https:\/\/pension-bodewig.de\/wp-content\/uploads\/2022\/03\/Doppel_6-200x300.jpg 200w, https:\/\/pension-bodewig.de\/wp-content\/uploads\/2022\/03\/Doppel_6-768x1152.jpg 768w, https:\/\/pension-bodewig.de\/wp-content\/uploads\/2022\/03\/Doppel_6-1024x1536.jpg 1024w, https:\/\/pension-bodewig.de\/wp-content\/uploads\/2022\/03\/Doppel_6.jpg 1333w\" sizes=\"auto, (max-width: 682px) 100vw, 682px\" \/><\/figure>\n<\/div>\n\n\n\n<div id=\"wp-block-themeisle-blocks-advanced-column-92f5f1f6\" class=\"wp-block-themeisle-blocks-advanced-column\">\n<figure class=\"wp-block-image size-large\"><img loading=\"lazy\" decoding=\"async\" width=\"682\" height=\"1024\" src=\"https:\/\/pension-bodewig.de\/wp-content\/uploads\/2022\/03\/Doppel_2-682x1024.jpg\" alt=\"\" class=\"wp-image-410\" srcset=\"https:\/\/pension-bodewig.de\/wp-content\/uploads\/2022\/03\/Doppel_2-682x1024.jpg 682w, https:\/\/pension-bodewig.de\/wp-content\/uploads\/2022\/03\/Doppel_2-200x300.jpg 200w, https:\/\/pension-bodewig.de\/wp-content\/uploads\/2022\/03\/Doppel_2-768x1152.jpg 768w, https:\/\/pension-bodewig.de\/wp-content\/uploads\/2022\/03\/Doppel_2-1024x1536.jpg 1024w, https:\/\/pension-bodewig.de\/wp-content\/uploads\/2022\/03\/Doppel_2.jpg 1333w\" sizes=\"auto, (max-width: 682px) 100vw, 682px\" \/><\/figure>\n<\/div>\n\n\n\n<div id=\"wp-block-themeisle-blocks-advanced-column-63d4c156\" class=\"wp-block-themeisle-blocks-advanced-column\"><\/div>\n<\/div><\/div>\n\n\n\n<section id=\"wp-block-themeisle-blocks-advanced-columns-dab9e0bf\" class=\"wp-block-themeisle-blocks-advanced-columns alignfull has-1-columns has-desktop-equal-layout has-tablet-equal-layout has-mobile-equal-layout has-vertical-flex-start has-light-bg\"><div class=\"wp-block-themeisle-blocks-advanced-columns-overlay\"><\/div><div class=\"innerblocks-wrap\">\n<div id=\"wp-block-themeisle-blocks-advanced-column-9df22226\" class=\"wp-block-themeisle-blocks-advanced-column\">\n<section id=\"wp-block-themeisle-blocks-advanced-columns-25c95699\" class=\"wp-block-themeisle-blocks-advanced-columns has-1-columns has-desktop-equal-layout has-tablet-equal-layout has-mobile-equal-layout has-vertical-flex-start\"><div class=\"wp-block-themeisle-blocks-advanced-columns-overlay\"><\/div><div class=\"innerblocks-wrap\">\n<div id=\"wp-block-themeisle-blocks-advanced-column-d4d9a4f8\" class=\"wp-block-themeisle-blocks-advanced-column\">\n<div id=\"wp-block-themeisle-blocks-advanced-heading-b8d1b344\" class=\"wp-block-themeisle-blocks-advanced-heading wp-block-themeisle-blocks-advanced-heading-b8d1b344\"><strong>Double Rooms<\/strong><\/div>\n\n\n\n<h2 class=\"wp-block-heading has-text-align-center has-nv-text-dark-bg-color has-text-color\">Make a booking request<\/h2>\n\n\n\n<p class=\"has-text-align-center has-nv-text-dark-bg-color has-text-color\">Simply inquire here:<\/p>\n<\/div>\n<\/div><\/section>\n\n\n\n<section id=\"wp-block-themeisle-blocks-advanced-columns-b56443a0\" class=\"wp-block-themeisle-blocks-advanced-columns has-3-columns has-desktop-equal-layout has-tablet-equal-layout has-mobile-collapsedRows-layout has-vertical-flex-start\"><div class=\"wp-block-themeisle-blocks-advanced-columns-overlay\"><\/div><div class=\"innerblocks-wrap\">\n<div id=\"wp-block-themeisle-blocks-advanced-column-1bb9ffb4\" class=\"wp-block-themeisle-blocks-advanced-column\">\n<div id=\"wp-block-themeisle-blocks-font-awesome-icons-cc8feba2\" class=\"wp-block-themeisle-blocks-font-awesome-icons\"><span class=\"wp-block-themeisle-blocks-font-awesome-icons-container\"><i class=\"fas fa-phone\"><\/i><\/span><\/div>\n\n\n\n<h2 id=\"wp-block-themeisle-blocks-advanced-heading-cd9e71d5\" class=\"wp-block-themeisle-blocks-advanced-heading wp-block-themeisle-blocks-advanced-heading-cd9e71d5\">via phone<\/h2>\n\n\n\n<p class=\"has-text-align-center has-nv-text-dark-bg-color has-text-color\" style=\"font-size:15px\">0211-15 863 561<\/p>\n<\/div>\n\n\n\n<div id=\"wp-block-themeisle-blocks-advanced-column-e0a218d6\" class=\"wp-block-themeisle-blocks-advanced-column\">\n<div id=\"wp-block-themeisle-blocks-font-awesome-icons-1df3a334\" class=\"wp-block-themeisle-blocks-font-awesome-icons\"><span class=\"wp-block-themeisle-blocks-font-awesome-icons-container\"><i class=\"fas fa-at\"><\/i><\/span><\/div>\n\n\n\n<h2 id=\"wp-block-themeisle-blocks-advanced-heading-80f42906\" class=\"wp-block-themeisle-blocks-advanced-heading wp-block-themeisle-blocks-advanced-heading-80f42906\">via E-Mail<\/h2>\n\n\n\n<p class=\"has-text-align-center has-nv-text-dark-bg-color has-text-color\" style=\"font-size:15px\"><a rel=\"noreferrer noopener\" href=\"mailto:reservation@pension-bodewig.de\" target=\"_blank\"><span style=\"color:var(--nv-site-bg)\" class=\"tadv-color\">reservation@pension-bodewig.de<\/span><\/a><\/p>\n<\/div>\n\n\n\n<div id=\"wp-block-themeisle-blocks-advanced-column-6777d6a7\" class=\"wp-block-themeisle-blocks-advanced-column\">\n<div id=\"wp-block-themeisle-blocks-font-awesome-icons-bf9a82ef\" class=\"wp-block-themeisle-blocks-font-awesome-icons\"><span class=\"wp-block-themeisle-blocks-font-awesome-icons-container\"><i class=\"far fa-address-card\"><\/i><\/span><\/div>\n\n\n\n<h2 id=\"wp-block-themeisle-blocks-advanced-heading-fe9e018a\" class=\"wp-block-themeisle-blocks-advanced-heading wp-block-themeisle-blocks-advanced-heading-fe9e018a\">via contact form<\/h2>\n\n\n\n<div class=\"wpcf7 no-js\" id=\"wpcf7-f444-o1\" lang=\"en-US\" dir=\"ltr\" data-wpcf7-id=\"444\">\n<div class=\"screen-reader-response\"><p role=\"status\" aria-live=\"polite\" aria-atomic=\"true\"><\/p> <ul><\/ul><\/div>\n<form action=\"\/en\/wp-json\/wp\/v2\/pages\/409#wpcf7-f444-o1\" method=\"post\" class=\"wpcf7-form init\" aria-label=\"Contact form\" novalidate=\"novalidate\" data-status=\"init\" data-trp-original-action=\"\/en\/wp-json\/wp\/v2\/pages\/409#wpcf7-f444-o1\">\n<fieldset class=\"hidden-fields-container\"><input type=\"hidden\" name=\"_wpcf7\" value=\"444\" \/><input type=\"hidden\" name=\"_wpcf7_version\" value=\"6.1.5\" \/><input type=\"hidden\" name=\"_wpcf7_locale\" value=\"en_US\" \/><input type=\"hidden\" name=\"_wpcf7_unit_tag\" value=\"wpcf7-f444-o1\" \/><input type=\"hidden\" name=\"_wpcf7_container_post\" value=\"0\" \/><input type=\"hidden\" name=\"_wpcf7_posted_data_hash\" value=\"\" \/>\n<\/fieldset>\n<p><label> Your name<br \/>\n<span class=\"wpcf7-form-control-wrap\" data-name=\"IhrName\"><input size=\"40\" maxlength=\"400\" class=\"wpcf7-form-control wpcf7-text wpcf7-validates-as-required\" aria-required=\"true\" aria-invalid=\"false\" placeholder=\"First and last name\" value=\"\" type=\"text\" name=\"IhrName\" \/><\/span><\/label>\n<\/p>\n<p><label> Your E-Mail<br \/>\n<span class=\"wpcf7-form-control-wrap\" data-name=\"E-Mail\"><input size=\"40\" maxlength=\"400\" class=\"wpcf7-form-control wpcf7-email wpcf7-validates-as-required wpcf7-text wpcf7-validates-as-email\" aria-required=\"true\" aria-invalid=\"false\" value=\"\" type=\"email\" name=\"E-Mail\" \/><\/span> <\/label>\n<\/p>\n<p><label> arrival date<br \/>\n<span class=\"wpcf7-form-control-wrap\" data-name=\"Anreisedatum\"><input class=\"wpcf7-form-control wpcf7-date wpcf7-validates-as-required wpcf7-validates-as-date\" aria-required=\"true\" aria-invalid=\"false\" value=\"\" type=\"date\" name=\"Anreisedatum\" \/><\/span><\/label>\n<\/p>\n<p><label> departure date<br \/>\n<span class=\"wpcf7-form-control-wrap\" data-name=\"Abreisedatum\"><input class=\"wpcf7-form-control wpcf7-date wpcf7-validates-as-required wpcf7-validates-as-date\" aria-required=\"true\" aria-invalid=\"false\" value=\"\" type=\"date\" name=\"Abreisedatum\" \/><\/span><\/label>\n<\/p>\n<p><label>Single Rooms<br \/>\n<span class=\"wpcf7-form-control-wrap\" data-name=\"Einzelzimmer\"><input class=\"wpcf7-form-control wpcf7-number wpcf7-validates-as-number\" min=\"0\" max=\"2\" aria-invalid=\"false\" value=\"0\" type=\"number\" name=\"Einzelzimmer\" \/><\/span><\/label> &nbsp;&nbsp;&nbsp;&nbsp;&nbsp; <label> Double Room<br \/>\n<span class=\"wpcf7-form-control-wrap\" data-name=\"Doppelzimmer\"><input class=\"wpcf7-form-control wpcf7-number wpcf7-validates-as-number\" min=\"0\" max=\"2\" aria-invalid=\"false\" value=\"0\" type=\"number\" name=\"Doppelzimmer\" \/><\/span><\/label>\n<\/p>\n<p><label> Your message (optional)<br \/>\n<span class=\"wpcf7-form-control-wrap\" data-name=\"your-message\"><textarea cols=\"40\" rows=\"10\" maxlength=\"2000\" class=\"wpcf7-form-control wpcf7-textarea\" aria-invalid=\"false\" name=\"your-message\"><\/textarea><\/span> <\/label>\n<\/p>\n<p><input class=\"wpcf7-form-control wpcf7-submit has-spinner\" type=\"submit\" value=\"send\" \/>\n<\/p><div class=\"wpcf7-response-output\" aria-hidden=\"true\"><\/div>\n<input type=\"hidden\" name=\"trp-form-language\" value=\"en\"\/><\/form>\n<\/div>\n\n<\/div>\n<\/div><\/section>\n<\/div>\n<\/div><\/section>","protected":false},"excerpt":{"rendered":"<p>*Alle Preise verstehen sich inklusive gratis WLAN und Mehrwertsteuer. Saisonale Zuschl\u00e4ge w\u00e4hrend Messen, Veranstaltungen und Feiertagen sind m\u00f6glich. Bitte erfragen Sie die jeweiligen Raten. F\u00fcr Ihre Bequemlichkeit<\/p>","protected":false},"author":1,"featured_media":410,"parent":0,"menu_order":0,"comment_status":"closed","ping_status":"closed","template":"","meta":{"neve_meta_sidebar":"","neve_meta_container":"","neve_meta_enable_content_width":"","neve_meta_content_width":0,"neve_meta_title_alignment":"","neve_meta_author_avatar":"","neve_post_elements_order":"","neve_meta_disable_header":"","neve_meta_disable_footer":"","neve_meta_disable_title":"","_themeisle_gutenberg_block_has_review":false,"footnotes":""},"class_list":["post-409","page","type-page","status-publish","has-post-thumbnail","hentry"],"_links":{"self":[{"href":"https:\/\/pension-bodewig.de\/en\/wp-json\/wp\/v2\/pages\/409","targetHints":{"allow":["GET"]}}],"collection":[{"href":"https:\/\/pension-bodewig.de\/en\/wp-json\/wp\/v2\/pages"}],"about":[{"href":"https:\/\/pension-bodewig.de\/en\/wp-json\/wp\/v2\/types\/page"}],"author":[{"embeddable":true,"href":"https:\/\/pension-bodewig.de\/en\/wp-json\/wp\/v2\/users\/1"}],"replies":[{"embeddable":true,"href":"https:\/\/pension-bodewig.de\/en\/wp-json\/wp\/v2\/comments?post=409"}],"version-history":[{"count":9,"href":"https:\/\/pension-bodewig.de\/en\/wp-json\/wp\/v2\/pages\/409\/revisions"}],"predecessor-version":[{"id":568,"href":"https:\/\/pension-bodewig.de\/en\/wp-json\/wp\/v2\/pages\/409\/revisions\/568"}],"wp:featuredmedia":[{"embeddable":true,"href":"https:\/\/pension-bodewig.de\/en\/wp-json\/wp\/v2\/media\/410"}],"wp:attachment":[{"href":"https:\/\/pension-bodewig.de\/en\/wp-json\/wp\/v2\/media?parent=409"}],"curies":[{"name":"wp","href":"https:\/\/api.w.org\/{rel}","templated":true}]}}