{"id":245,"date":"2020-02-17T08:15:18","date_gmt":"2020-02-17T08:15:18","guid":{"rendered":"https:\/\/demosites.io\/vacantion-rental-gb\/?page_id=245"},"modified":"2023-06-21T22:14:09","modified_gmt":"2023-06-21T20:14:09","slug":"kontakt","status":"publish","type":"page","link":"https:\/\/pension-bodewig.de\/en\/kontakt\/","title":{"rendered":"Contact"},"content":{"rendered":"<div id=\"wp-block-themeisle-blocks-advanced-columns-aeb64fdb\" class=\"wp-block-themeisle-blocks-advanced-columns alignfull has-1-columns has-desktop-equal-layout has-tablet-equal-layout has-mobile-equal-layout has-vertical-center\"><div class=\"wp-block-themeisle-blocks-advanced-columns-overlay\"><\/div><div class=\"innerblocks-wrap\">\n<div id=\"wp-block-themeisle-blocks-advanced-column-75e09608\" class=\"wp-block-themeisle-blocks-advanced-column\">\n<span id=\"wp-block-themeisle-blocks-advanced-heading-b9e3d4bf\" class=\"wp-block-themeisle-blocks-advanced-heading wp-block-themeisle-blocks-advanced-heading-b9e3d4bf\"><\/span>\n\n\n\n<h1 class=\"wp-block-heading has-text-align-center has-nv-text-dark-bg-color has-text-color\">Contact us<\/h1>\n<\/div>\n<\/div><\/div>\n\n\n\n<div id=\"wp-block-themeisle-blocks-advanced-columns-041ce450\" class=\"wp-block-themeisle-blocks-advanced-columns alignfull has-1-columns has-desktop-equal-layout has-tablet-equal-layout has-mobile-equal-layout has-vertical-unset\"><div class=\"wp-block-themeisle-blocks-advanced-columns-overlay\"><\/div><div class=\"innerblocks-wrap\">\n<div id=\"wp-block-themeisle-blocks-advanced-column-4949e345\" class=\"wp-block-themeisle-blocks-advanced-column\">\n<p class=\"has-text-align-center\"><strong>Pension Bodewig<\/strong><\/p>\n\n\n\n<p class=\"has-text-align-center\">Owner W.L. Bodewig<\/p>\n\n\n\n<p class=\"has-text-align-center\">Klever Strasse 48<br>40477 D\u00dcSSELDORF<\/p>\n\n\n\n<p class=\"has-text-align-center\">Phone: 0211-15 86 35 61<\/p>\n\n\n\n<p class=\"has-text-align-center\">E-Mail:&nbsp;<a href=\"mailto:reservation@pension-bodewig.de\">reservation@pension-bodewig.de<\/a><\/p>\n\n\n\n<p class=\"has-text-align-center\">VAT number: DE 209346541<\/p>\n<\/div>\n<\/div><\/div>\n\n\n\n<section id=\"wp-block-themeisle-blocks-advanced-columns-dab9e0bf\" class=\"wp-block-themeisle-blocks-advanced-columns alignfull has-1-columns has-desktop-equal-layout has-tablet-equal-layout has-mobile-equal-layout has-vertical-flex-start has-light-bg\"><div class=\"wp-block-themeisle-blocks-advanced-columns-overlay\"><\/div><div class=\"innerblocks-wrap\">\n<div id=\"wp-block-themeisle-blocks-advanced-column-9df22226\" class=\"wp-block-themeisle-blocks-advanced-column\">\n<section id=\"wp-block-themeisle-blocks-advanced-columns-b56443a0\" class=\"wp-block-themeisle-blocks-advanced-columns has-2-columns has-desktop-equal-layout has-tablet-equal-layout has-mobile-collapsedRows-layout has-vertical-flex-start has-light-bg\"><div class=\"wp-block-themeisle-blocks-advanced-columns-overlay\"><\/div><div class=\"innerblocks-wrap\">\n<div id=\"wp-block-themeisle-blocks-advanced-column-1bb9ffb4\" class=\"wp-block-themeisle-blocks-advanced-column\">\n<h2 id=\"wp-block-themeisle-blocks-advanced-heading-118cc37a\" class=\"wp-block-themeisle-blocks-advanced-heading wp-block-themeisle-blocks-advanced-heading-118cc37a\">How to find us<\/h2>\n\n\n\n<h3 id=\"wp-block-themeisle-blocks-advanced-heading-f48d4606\" class=\"wp-block-themeisle-blocks-advanced-heading wp-block-themeisle-blocks-advanced-heading-f48d4606\">\u2026 by plane<\/h3>\n\n\n\n<p>A taxi ride from D\u00fcsseldorf Airport to Klever Strasse at the corner of Schwerinstrasse costs around \u20ac20.00 \u2013 25.00. It is cheaper to travel from D\u00fcsseldorf International Airport by S-Bahn (bus stop: right in the basement of the airport) via D\u00fcsseldorf main station.<\/p>\n\n\n\n<hr class=\"wp-block-separator has-text-color has-neve-text-color-color has-css-opacity has-neve-text-color-background-color has-background is-style-default\"\/>\n\n\n\n<h3 id=\"wp-block-themeisle-blocks-advanced-heading-7fa2bfba\" class=\"wp-block-themeisle-blocks-advanced-heading wp-block-themeisle-blocks-advanced-heading-7fa2bfba\">\u2026 by train<\/h3>\n\n\n\n<p>A taxi ride from D\u00fcsseldorf main station to the corner of Klever Stra\u00dfe and Schwerin Stra\u00dfe costs around \u20ac10.00 \u2013 15.00. It is cheaper to travel from D\u00fcsseldorf main station by underground (stop: directly in the main station basement).<\/p>\n\n\n\n<p class=\"translation-block\">You need a price level \u201cA\u201d ticket. From the main train station, take line U78 (towards Messe\/Stadion) or U79 (towards Duisburg) to the Viktoriaplatz\/Klever Stra\u00dfe stop. From there, turn right into Klever Stra\u00dfe. After about 100 meters you will reach Klever Stra\u00dfe 48 on the left. Please ring the bell at Pension Bodewig and go to the 1st floor after opening.<\/p>\n\n\n\n<hr class=\"wp-block-separator has-text-color has-neve-text-color-color has-css-opacity has-neve-text-color-background-color has-background is-style-default\"\/>\n\n\n\n<h3 id=\"wp-block-themeisle-blocks-advanced-heading-96635ab3\" class=\"wp-block-themeisle-blocks-advanced-heading wp-block-themeisle-blocks-advanced-heading-96635ab3\">\u2026 by car<\/h3>\n\n\n\n<p>Please enter \"Klever Stra\u00dfe 48, 40477 D\u00fcsseldorf\" as the destination address in your navigation system.<\/p>\n<\/div>\n\n\n\n<div id=\"wp-block-themeisle-blocks-advanced-column-e0a218d6\" class=\"wp-block-themeisle-blocks-advanced-column has-light-bg\">\n<span id=\"wp-block-themeisle-blocks-advanced-heading-ed01f5db\" class=\"wp-block-themeisle-blocks-advanced-heading wp-block-themeisle-blocks-advanced-heading-ed01f5db\"><strong>Kontaktformular<\/strong><\/span>\n\n\n\n<h2 id=\"wp-block-themeisle-blocks-advanced-heading-d8c66f93\" class=\"wp-block-themeisle-blocks-advanced-heading wp-block-themeisle-blocks-advanced-heading-d8c66f93\">Senden Sie uns eine Nachricht<\/h2>\n\n\n\n<div class=\"wpcf7 no-js\" id=\"wpcf7-f444-o1\" lang=\"en-US\" dir=\"ltr\" data-wpcf7-id=\"444\">\n<div class=\"screen-reader-response\"><p role=\"status\" aria-live=\"polite\" aria-atomic=\"true\"><\/p> <ul><\/ul><\/div>\n<form action=\"\/en\/wp-json\/wp\/v2\/pages\/245#wpcf7-f444-o1\" method=\"post\" class=\"wpcf7-form init\" aria-label=\"Contact form\" novalidate=\"novalidate\" data-status=\"init\" data-trp-original-action=\"\/en\/wp-json\/wp\/v2\/pages\/245#wpcf7-f444-o1\">\n<fieldset class=\"hidden-fields-container\"><input type=\"hidden\" name=\"_wpcf7\" value=\"444\" \/><input type=\"hidden\" name=\"_wpcf7_version\" value=\"6.1.5\" \/><input type=\"hidden\" name=\"_wpcf7_locale\" value=\"en_US\" \/><input type=\"hidden\" name=\"_wpcf7_unit_tag\" value=\"wpcf7-f444-o1\" \/><input type=\"hidden\" name=\"_wpcf7_container_post\" value=\"0\" \/><input type=\"hidden\" name=\"_wpcf7_posted_data_hash\" value=\"\" \/>\n<\/fieldset>\n<p><label> Your name<br \/>\n<span class=\"wpcf7-form-control-wrap\" data-name=\"IhrName\"><input size=\"40\" maxlength=\"400\" class=\"wpcf7-form-control wpcf7-text wpcf7-validates-as-required\" aria-required=\"true\" aria-invalid=\"false\" placeholder=\"First and last name\" value=\"\" type=\"text\" name=\"IhrName\" \/><\/span><\/label>\n<\/p>\n<p><label> Your E-Mail<br \/>\n<span class=\"wpcf7-form-control-wrap\" data-name=\"E-Mail\"><input size=\"40\" maxlength=\"400\" class=\"wpcf7-form-control wpcf7-email wpcf7-validates-as-required wpcf7-text wpcf7-validates-as-email\" aria-required=\"true\" aria-invalid=\"false\" value=\"\" type=\"email\" name=\"E-Mail\" \/><\/span> <\/label>\n<\/p>\n<p><label> arrival date<br \/>\n<span class=\"wpcf7-form-control-wrap\" data-name=\"Anreisedatum\"><input class=\"wpcf7-form-control wpcf7-date wpcf7-validates-as-required wpcf7-validates-as-date\" aria-required=\"true\" aria-invalid=\"false\" value=\"\" type=\"date\" name=\"Anreisedatum\" \/><\/span><\/label>\n<\/p>\n<p><label> departure date<br \/>\n<span class=\"wpcf7-form-control-wrap\" data-name=\"Abreisedatum\"><input class=\"wpcf7-form-control wpcf7-date wpcf7-validates-as-required wpcf7-validates-as-date\" aria-required=\"true\" aria-invalid=\"false\" value=\"\" type=\"date\" name=\"Abreisedatum\" \/><\/span><\/label>\n<\/p>\n<p><label>Single Rooms<br \/>\n<span class=\"wpcf7-form-control-wrap\" data-name=\"Einzelzimmer\"><input class=\"wpcf7-form-control wpcf7-number wpcf7-validates-as-number\" min=\"0\" max=\"2\" aria-invalid=\"false\" value=\"0\" type=\"number\" name=\"Einzelzimmer\" \/><\/span><\/label> &nbsp;&nbsp;&nbsp;&nbsp;&nbsp; <label> Double Room<br \/>\n<span class=\"wpcf7-form-control-wrap\" data-name=\"Doppelzimmer\"><input class=\"wpcf7-form-control wpcf7-number wpcf7-validates-as-number\" min=\"0\" max=\"2\" aria-invalid=\"false\" value=\"0\" type=\"number\" name=\"Doppelzimmer\" \/><\/span><\/label>\n<\/p>\n<p><label> Your message (optional)<br \/>\n<span class=\"wpcf7-form-control-wrap\" data-name=\"your-message\"><textarea cols=\"40\" rows=\"10\" maxlength=\"2000\" class=\"wpcf7-form-control wpcf7-textarea\" aria-invalid=\"false\" name=\"your-message\"><\/textarea><\/span> <\/label>\n<\/p>\n<p><input class=\"wpcf7-form-control wpcf7-submit has-spinner\" type=\"submit\" value=\"send\" \/>\n<\/p><div class=\"wpcf7-response-output\" aria-hidden=\"true\"><\/div>\n<input type=\"hidden\" name=\"trp-form-language\" value=\"en\"\/><\/form>\n<\/div>\n\n<\/div>\n<\/div><\/section>\n<\/div>\n<\/div><\/section>\n\n\n\n<p><\/p>","protected":false},"excerpt":{"rendered":"","protected":false},"author":1,"featured_media":0,"parent":0,"menu_order":0,"comment_status":"closed","ping_status":"closed","template":"page-templates\/template-pagebuilder-full-width.php","meta":{"neve_meta_sidebar":"full-width","neve_meta_container":"","neve_meta_enable_content_width":"on","neve_meta_content_width":100,"neve_meta_title_alignment":"","neve_meta_author_avatar":"","neve_post_elements_order":"","neve_meta_disable_header":"","neve_meta_disable_footer":"","neve_meta_disable_title":"","_themeisle_gutenberg_block_has_review":false,"footnotes":""},"class_list":["post-245","page","type-page","status-publish","hentry"],"_links":{"self":[{"href":"https:\/\/pension-bodewig.de\/en\/wp-json\/wp\/v2\/pages\/245","targetHints":{"allow":["GET"]}}],"collection":[{"href":"https:\/\/pension-bodewig.de\/en\/wp-json\/wp\/v2\/pages"}],"about":[{"href":"https:\/\/pension-bodewig.de\/en\/wp-json\/wp\/v2\/types\/page"}],"author":[{"embeddable":true,"href":"https:\/\/pension-bodewig.de\/en\/wp-json\/wp\/v2\/users\/1"}],"replies":[{"embeddable":true,"href":"https:\/\/pension-bodewig.de\/en\/wp-json\/wp\/v2\/comments?post=245"}],"version-history":[{"count":9,"href":"https:\/\/pension-bodewig.de\/en\/wp-json\/wp\/v2\/pages\/245\/revisions"}],"predecessor-version":[{"id":573,"href":"https:\/\/pension-bodewig.de\/en\/wp-json\/wp\/v2\/pages\/245\/revisions\/573"}],"wp:attachment":[{"href":"https:\/\/pension-bodewig.de\/en\/wp-json\/wp\/v2\/media?parent=245"}],"curies":[{"name":"wp","href":"https:\/\/api.w.org\/{rel}","templated":true}]}}